{"id":582,"date":"2020-07-08T11:08:29","date_gmt":"2020-07-08T11:08:29","guid":{"rendered":"https:\/\/darkviolet-caribou-922923.hostingersite.com\/products\/"},"modified":"2020-09-08T15:31:54","modified_gmt":"2020-09-08T15:31:54","slug":"prodotti","status":"publish","type":"page","link":"https:\/\/essegomma.com\/it\/prodotti\/","title":{"rendered":"Prodotti"},"content":{"rendered":"<p>[vc_row css_animation=&#8221;&#8221; row_type=&#8221;row&#8221; use_row_as_full_screen_section=&#8221;no&#8221; type=&#8221;grid&#8221; angled_section=&#8221;no&#8221; text_align=&#8221;left&#8221; background_image_as_pattern=&#8221;without_pattern&#8221; z_index=&#8221;&#8221;][vc_column][vc_column_text]<\/p>\n<div class=\"section-header\">\n<h2 class=\"header-title\" style=\"text-align: left;\">I NOSTRI PRODOTTI<\/h2>\n<h3>Creazioni<\/h3>\n<\/div>\n<p>[\/vc_column_text][\/vc_column][\/vc_row][vc_row css_animation=&#8221;&#8221; row_type=&#8221;row&#8221; use_row_as_full_screen_section=&#8221;no&#8221; type=&#8221;grid&#8221; angled_section=&#8221;no&#8221; text_align=&#8221;left&#8221; background_image_as_pattern=&#8221;without_pattern&#8221; z_index=&#8221;&#8221;][vc_column][vc_separator type=&#8221;transparent&#8221; up=&#8221;10&#8243;][vc_column_text]Essegomma produce filati multibava in polipropilene e polietilene ad alta densit\u00e0 in varie sezioni, lisci, interlacciati e testurizzati ad aria (taslan).<\/p>\n<p>&nbsp;<\/p>\n<p>I filati vengono prodotti sulla base delle specifiche richieste dal campo di applicazione e tutte le bobine devono superare un controllo visivo effettuato da personale specializzato. Riassumiamo di seguito le qualit\u00e0 identificative dei filati Essegomma:<\/p>\n<ul>\n<li>Ampia gamma di titoli (dtex 55-dtex 3800)<\/li>\n<li>Reparto di torcitura che consente una personalizzazione del numero delle torsioni (t\/m) e del loro senso (S o Z) cos\u00ec come della possibilit\u00e0 di termofissare il filato<\/li>\n<li>Vasta scelta\/ variet\u00e0 di circa 300 colori nelle tonalit\u00e0 standard. Qualsiasi altro colore del cliente pu\u00f2 essere personalizzato su richiesta.<\/li>\n<li>La maggior parte dei nostri filati, sia naturali\/greggi che tinti in massa, sono disponibili nella versione Flame Retardant e sono ideali per realizzare tessuti d\u2019arredamento indoor ed outdoor perch\u00e9 aggiungono alte prestazioni, sicurezza e funzionalit\u00e0 ai tessuti.<\/li>\n<li>Stabilizzazione UV disponibile in vari gradi contro gli effetti della fotodegradazione e dell\u2019esposizione outdoor.<\/li>\n<li>Massima attenzione al controllo qualit\u00e0 sia sul prodotto finito che durante tutto il processo di produzione a ciclo continuo (24h)<\/li>\n<\/ul>\n<p>Il nostro catalogo fornisce dati completi sulle linee di prodotti Essegomma.[\/vc_column_text][vc_separator type=&#8221;transparent&#8221; up=&#8221;80&#8243;][\/vc_column][\/vc_row][vc_row css_animation=&#8221;&#8221; row_type=&#8221;row&#8221; use_row_as_full_screen_section=&#8221;no&#8221; type=&#8221;grid&#8221; angled_section=&#8221;no&#8221; text_align=&#8221;center&#8221; background_image_as_pattern=&#8221;without_pattern&#8221; row_negative_margin=&#8221;disable_negative_margin&#8221; z_index=&#8221;&#8221;][vc_column width=&#8221;1\/4&#8243; css=&#8221;.vc_custom_1595251927644{border-top-width: 5px !important;border-right-width: 5px !important;border-bottom-width: 5px !important;border-left-width: 5px !important;padding-top: 20px !important;padding-right: 20px !important;padding-bottom: 20px !important;padding-left: 20px !important;background-color: #444444 !important;border-left-color: #ffffff !important;border-left-style: solid !important;border-right-color: #ffffff !important;border-right-style: solid !important;border-top-color: #ffffff !important;border-top-style: solid !important;border-bottom-color: #ffffff !important;border-bottom-style: solid !important;}&#8221;][vc_column_text]<\/p>\n<h3 style=\"text-align: center; color: #fff;\">FDY<\/h3>\n<p style=\"text-align: center; color: #fff;\">Tessuti tecnici, filtrazione, cinghie e corde<\/p>\n<p>[\/vc_column_text]<a  itemprop=\"url\" href=\"fdy\" target=\"_self\" data-hover-background-color='#222222' data-hover-border-color='#9b7d35' data-hover-color='#ffffff' class=\"qbutton  small center default\" style=\"color: #ffffff; border-color: #9b7d35; border-radius: 20px;-moz-border-radius: 20px;-webkit-border-radius: 20px; background-color: #444444;\">Scopri di pi\u00f9<\/a>[\/vc_column][vc_column width=&#8221;1\/4&#8243; css=&#8221;.vc_custom_1595251934902{border-top-width: 5px !important;border-right-width: 5px !important;border-bottom-width: 5px !important;border-left-width: 5px !important;padding-top: 20px !important;padding-right: 20px !important;padding-bottom: 20px !important;padding-left: 20px !important;background-color: #444444 !important;border-left-color: #ffffff !important;border-left-style: solid !important;border-right-color: #ffffff !important;border-right-style: solid !important;border-top-color: #ffffff !important;border-top-style: solid !important;border-bottom-color: #ffffff !important;border-bottom-style: solid !important;}&#8221;][vc_column_text]<\/p>\n<h3 style=\"text-align: center; color: #fff;\">Taslan<\/h3>\n<p style=\"text-align: center; color: #fff;\">Arredamento, Filtrazione, Tappeti, Corde e Trecce indoor e outdoor<\/p>\n<p>[\/vc_column_text]<a  itemprop=\"url\" href=\"taslan\" target=\"_self\" data-hover-background-color='#222222' data-hover-border-color='#9b7d35' data-hover-color='#ffffff' class=\"qbutton  small center default\" style=\"color: #ffffff; border-color: #9b7d35; border-radius: 20px;-moz-border-radius: 20px;-webkit-border-radius: 20px; background-color: #444444;\">Scopri di pi\u00f9<\/a>[\/vc_column][vc_column width=&#8221;1\/4&#8243; css=&#8221;.vc_custom_1595251941990{border-top-width: 5px !important;border-right-width: 5px !important;border-bottom-width: 5px !important;border-left-width: 5px !important;padding-top: 20px !important;padding-right: 20px !important;padding-bottom: 20px !important;padding-left: 20px !important;background-color: #444444 !important;border-left-color: #ffffff !important;border-left-style: solid !important;border-right-color: #ffffff !important;border-right-style: solid !important;border-top-color: #ffffff !important;border-top-style: solid !important;border-bottom-color: #ffffff !important;border-bottom-style: solid !important;}&#8221;][vc_column_text]<\/p>\n<h3 style=\"text-align: center; color: #fff;\">FILATI FANTASIA<\/h3>\n<p style=\"text-align: center; color: #fff;\">Tessuti d\u2019arredamento innovativi, abbigliamento, soluzioni innovative\/creative<\/p>\n<p>[\/vc_column_text]<a  itemprop=\"url\" href=\"filati-fantasia\" target=\"_self\" data-hover-background-color='#222222' data-hover-border-color='#9b7d35' data-hover-color='#ffffff' class=\"qbutton  small center default\" style=\"color: #ffffff; border-color: #9b7d35; border-radius: 20px;-moz-border-radius: 20px;-webkit-border-radius: 20px; background-color: #444444;\">Scopri di pi\u00f9<\/a>[\/vc_column][vc_column width=&#8221;1\/4&#8243; css=&#8221;.vc_custom_1595251949359{border-top-width: 5px !important;border-right-width: 5px !important;border-bottom-width: 5px !important;border-left-width: 5px !important;padding-top: 20px !important;padding-right: 20px !important;padding-bottom: 20px !important;padding-left: 20px !important;background-color: #444444 !important;border-left-color: #ffffff !important;border-left-style: solid !important;border-right-color: #ffffff !important;border-right-style: solid !important;border-top-color: #ffffff !important;border-top-style: solid !important;border-bottom-color: #ffffff !important;border-bottom-style: solid !important;}&#8221;][vc_column_text]<\/p>\n<h3 style=\"text-align: center; color: #fff;\">HDPE<\/h3>\n<p style=\"text-align: center; color: #fff;\"><span lang=\"EN-GB\">Applicazioni tecniche dove \u00e8 richiesta coesione termica<\/span><\/p>\n<p>[\/vc_column_text]<a  itemprop=\"url\" href=\"hdpe\" target=\"_self\" data-hover-background-color='#222222' data-hover-border-color='#9b7d35' data-hover-color='#ffffff' class=\"qbutton  small center default\" style=\"color: #ffffff; border-color: #9b7d35; border-radius: 20px;-moz-border-radius: 20px;-webkit-border-radius: 20px; background-color: #444444;\">Scopri di pi\u00f9<\/a>[\/vc_column][\/vc_row][vc_row css_animation=&#8221;&#8221; row_type=&#8221;row&#8221; use_row_as_full_screen_section=&#8221;no&#8221; type=&#8221;grid&#8221; angled_section=&#8221;no&#8221; text_align=&#8221;left&#8221; background_image_as_pattern=&#8221;without_pattern&#8221; z_index=&#8221;&#8221;][vc_column][vc_separator type=&#8221;transparent&#8221; up=&#8221;40&#8243;][\/vc_column][\/vc_row]<\/p>\n","protected":false},"excerpt":{"rendered":"<p>[vc_row css_animation=&#8221;&#8221; row_type=&#8221;row&#8221; use_row_as_full_screen_section=&#8221;no&#8221; type=&#8221;grid&#8221; angled_section=&#8221;no&#8221; text_align=&#8221;left&#8221; background_image_as_pattern=&#8221;without_pattern&#8221; z_index=&#8221;&#8221;][vc_column][vc_column_text] I NOSTRI PRODOTTI Creazioni [\/vc_column_text][\/vc_column][\/vc_row][vc_row css_animation=&#8221;&#8221; row_type=&#8221;row&#8221; use_row_as_full_screen_section=&#8221;no&#8221; type=&#8221;grid&#8221; angled_section=&#8221;no&#8221; text_align=&#8221;left&#8221; background_image_as_pattern=&#8221;without_pattern&#8221; z_index=&#8221;&#8221;][vc_column][vc_separator type=&#8221;transparent&#8221; up=&#8221;10&#8243;][vc_column_text]Essegomma produce filati multibava in polipropilene e polietilene ad alta densit\u00e0 in varie sezioni, lisci, interlacciati e testurizzati ad aria (taslan). &nbsp;&#8230;<\/p>\n","protected":false},"author":1,"featured_media":0,"parent":0,"menu_order":0,"comment_status":"closed","ping_status":"closed","template":"","meta":{"footnotes":""},"class_list":["post-582","page","type-page","status-publish","hentry"],"_links":{"self":[{"href":"https:\/\/essegomma.com\/it\/wp-json\/wp\/v2\/pages\/582","targetHints":{"allow":["GET"]}}],"collection":[{"href":"https:\/\/essegomma.com\/it\/wp-json\/wp\/v2\/pages"}],"about":[{"href":"https:\/\/essegomma.com\/it\/wp-json\/wp\/v2\/types\/page"}],"author":[{"embeddable":true,"href":"https:\/\/essegomma.com\/it\/wp-json\/wp\/v2\/users\/1"}],"replies":[{"embeddable":true,"href":"https:\/\/essegomma.com\/it\/wp-json\/wp\/v2\/comments?post=582"}],"version-history":[{"count":5,"href":"https:\/\/essegomma.com\/it\/wp-json\/wp\/v2\/pages\/582\/revisions"}],"predecessor-version":[{"id":673,"href":"https:\/\/essegomma.com\/it\/wp-json\/wp\/v2\/pages\/582\/revisions\/673"}],"wp:attachment":[{"href":"https:\/\/essegomma.com\/it\/wp-json\/wp\/v2\/media?parent=582"}],"curies":[{"name":"wp","href":"https:\/\/api.w.org\/{rel}","templated":true}]}}